{"id":194,"date":"2024-07-24T19:24:51","date_gmt":"2024-07-24T19:24:51","guid":{"rendered":"https:\/\/bodyinbalance.co.at\/?page_id=194"},"modified":"2024-07-24T19:24:51","modified_gmt":"2024-07-24T19:24:51","slug":"datenschutz","status":"publish","type":"page","link":"https:\/\/bodyinbalance.co.at\/?page_id=194","title":{"rendered":"Datenschutz"},"content":{"rendered":"\n<p><\/p>\n\n\n\n<h2 class=\"wp-block-heading\">Datenschutzrichtlinien<\/h2>\n\n\n\n<p>Wir freuen uns \u00fcber Ihr Interesse an unserem Internetauftritt. Der Schutz Ihrer Privatsph\u00e4re war uns immer wichtig und haben wir lange bevor die DSGVO (Datenschutz \u2013 Grundverordnung) Ihre pers\u00f6nlichen Daten vor Zugriff anderer gesch\u00fctzt bzw. an Dritte nicht weitergegeben. Durch die Einf\u00fchrung der DSGVO informieren wir Sie nun ausf\u00fchrlich, wie wir mit Ihren pers\u00f6nlichen Daten umgehen.<br><br>Verarbeitung Ihrer pers\u00f6nlichen Daten:<br>Unsere Website ist grunds\u00e4tzlich so gestaltet, dass Sie diese besuchen k\u00f6nnen, ohne dass wir personenbezogene Daten von Ihnen erheben. Personenbezogene Daten werden von uns nur dann erhoben, wenn Sie uns hiezu Ihre ausdr\u00fcckliche Einwilligung erteilen. Sie k\u00f6nnen also unsere Website besuchen ohne Angaben zu Ihrer Person zu t\u00e4tigen. Gespeichert werden lediglich Zugriffsdaten in sog. Server-Logfiles, wie z.B.: Name der angeforderten Datei, Datum des Abrufs und der \u00fcbertragenen Datenmenge und den anfragenden Provider. Diese Daten werden ausschlie\u00dflich zur Sicherstellung eines st\u00f6rungsfreien Betriebes und zur Verbesserung eines Angebotes ausgewertet und geben uns keinen R\u00fcckschluss auf Ihre pers\u00f6nlichen Daten. Personenbezogene Daten werden von uns erst dann gespeichert, wenn Sie uns hiezu ausdr\u00fccklich Ihre Zustimmung erteilen. Diese pers\u00f6nlichen Daten werden keinesfalls an Dritte weiter gegeben, es sei denn, es trifft uns hiezu eine gesetzliche Verpflichtung und werden ausschlie\u00dflich zur Beantwortung Ihrer Anfragen, Abwicklung von Vertr\u00e4gen und f\u00fcr die Administration verwendet. Sie haben als Kunde das Recht, eine bereits erteilte Einwilligung jederzeit f\u00fcr die Zukunft zu widerrufen. Die Datenverarbeitung st\u00fctzt sich auf die Rechtsgrundlagen des Art. 6 der DSGVO.<br><br>Recht auf Auskunft, Berichtigung, L\u00f6schung:<br>Sie werden jederzeit auf schriftliche Anfragen \u00fcber die zu Ihrer Person gespeicherten Daten informiert. Bitte richten Sie Ihre Anfragen an<br>Claudia Manfredi, Neue Welt 6, 8434 Tillmitsch, claudia@manfredi.at<br><br>F\u00fcr den Fall, dass die von uns gespeicherten Daten von Ihnen nicht richtig sind, bitten wir Sie uns dar\u00fcber zu informieren. Unverz\u00fcglich werden diese von uns richtig gestellt und erhalten Sie dar\u00fcber eine entsprechende Information. Wenn Sie eine Datenverarbeitung Ihrer Daten durch dieses Unternehmen nicht mehr l\u00e4nger w\u00fcnschen, ersuchen wir Sie uns dies auf schriftlichem Wege mitzuteilen. Unmittelbar darauf werden wir Ihre Daten l\u00f6schen und Sie dar\u00fcber informieren. Sollten der L\u00f6schung Ihrer Daten zwingende rechtliche Bestimmungen entgegenstehen werden Sie dar\u00fcber informiert. Das L\u00f6schungsbegehren bleibt f\u00fcr Abrechnungszwecke und buchhalterische Zwecke unber\u00fchrt.<br><br>Cookies:<br>Wir verwenden Cookies um unser Angebot nutzerfreundlich, effektiver und sicherer zu gestalten. Ein \u201eCookie\u201c ist eine kleine Textdatei, die wir \u00fcber unseren Web-Server an die Cookie-Datei des Browsers auf die Festplatte Ihres Computers \u00fcbermitteln. Damit wird es unserer Website erm\u00f6glicht, Sie als Nutzer wiederzuerkennen, wenn eine Verbindung zwischen unserem WebServer und Ihrem Browser hergestellt wird. Cookies helfen uns dabei, die Nutzungsh\u00e4ufigkeit und die Anzahl der Nutzer unserer Internetseiten zu ermitteln. Der Inhalt der von uns verwendeten Cookies beschr\u00e4nkt sich auf eine Identifikationsnummer, die keine Personenbeziehbarkeit mehr auf den Nutzer zul\u00e4sst. Der Hauptzweck eines Cookies ist die Erkennung der Besucher der Website. Zwei Arten von Cookies werden auf dieser Website verwendet:<br>\u2022 Session Cookies: Das sind tempor\u00e4re Cookies, die bis zum Verlassen unserer Website in der Cookie-Datei Ihres Browsers verweilen und nach Ende Ihres Besuchs automatisch gel\u00f6scht werden.<br>\u2022 Dauerhafte Cookies: F\u00fcr eine bessere Benutzerfreundlichkeit bleiben Cookies auf Ihrem Endger\u00e4t gespeichert und erlauben es uns, Ihren Browser beim n\u00e4chsten Besuch wiederzuerkennen.<a href=\"#\"><\/a><\/p>\n","protected":false},"excerpt":{"rendered":"<p>Datenschutzrichtlinien Wir freuen uns \u00fcber Ihr Interesse an unserem Internetauftritt. Der Schutz Ihrer Privatsph\u00e4re war uns immer wichtig und haben wir lange bevor die DSGVO (Datenschutz \u2013 Grundverordnung) Ihre pers\u00f6nlichen Daten vor Zugriff anderer gesch\u00fctzt bzw. an Dritte nicht weitergegeben. Durch die Einf\u00fchrung der DSGVO informieren wir Sie nun ausf\u00fchrlich, wie wir mit Ihren pers\u00f6nlichen&hellip; <br \/> <a class=\"button small blue\" href=\"https:\/\/bodyinbalance.co.at\/?page_id=194\">Weiterlesen<\/a><\/p>\n","protected":false},"author":1,"featured_media":0,"parent":0,"menu_order":0,"comment_status":"closed","ping_status":"closed","template":"","meta":{"footnotes":""},"class_list":["post-194","page","type-page","status-publish","hentry"],"jetpack_sharing_enabled":true,"_links":{"self":[{"href":"https:\/\/bodyinbalance.co.at\/index.php?rest_route=\/wp\/v2\/pages\/194","targetHints":{"allow":["GET"]}}],"collection":[{"href":"https:\/\/bodyinbalance.co.at\/index.php?rest_route=\/wp\/v2\/pages"}],"about":[{"href":"https:\/\/bodyinbalance.co.at\/index.php?rest_route=\/wp\/v2\/types\/page"}],"author":[{"embeddable":true,"href":"https:\/\/bodyinbalance.co.at\/index.php?rest_route=\/wp\/v2\/users\/1"}],"replies":[{"embeddable":true,"href":"https:\/\/bodyinbalance.co.at\/index.php?rest_route=%2Fwp%2Fv2%2Fcomments&post=194"}],"version-history":[{"count":1,"href":"https:\/\/bodyinbalance.co.at\/index.php?rest_route=\/wp\/v2\/pages\/194\/revisions"}],"predecessor-version":[{"id":196,"href":"https:\/\/bodyinbalance.co.at\/index.php?rest_route=\/wp\/v2\/pages\/194\/revisions\/196"}],"wp:attachment":[{"href":"https:\/\/bodyinbalance.co.at\/index.php?rest_route=%2Fwp%2Fv2%2Fmedia&parent=194"}],"curies":[{"name":"wp","href":"https:\/\/api.w.org\/{rel}","templated":true}]}}